{"id":14279,"date":"2023-08-16T13:40:54","date_gmt":"2023-08-16T11:40:54","guid":{"rendered":"https:\/\/gn24.dev.growth-ninjas.net\/cookie-directive-eu\/"},"modified":"2023-08-18T14:29:58","modified_gmt":"2023-08-18T12:29:58","slug":"cookie-directive-eu","status":"publish","type":"page","link":"https:\/\/cache.dev.growth-ninjas.net\/en\/cookie-directive-eu\/","title":{"rendered":"Cookie Directive (EU)"},"content":{"rendered":"\t\t<div data-elementor-type=\"wp-page\" data-elementor-id=\"14279\" class=\"elementor elementor-14279 elementor-12044\" wpc-filter-elementor-widget=\"1\" data-elementor-post-type=\"page\">\n\t\t\t\t\t\t<section class=\"elementor-section elementor-top-section elementor-element elementor-element-4183721 elementor-section-boxed elementor-section-height-default elementor-section-height-default\" data-id=\"4183721\" data-element_type=\"section\" data-e-type=\"section\">\n\t\t\t\t\t\t<div class=\"elementor-container elementor-column-gap-default\">\n\t\t\t\t\t<div class=\"elementor-column elementor-col-50 elementor-top-column elementor-element elementor-element-98e6417\" data-id=\"98e6417\" data-element_type=\"column\" data-e-type=\"column\">\n\t\t\t<div class=\"elementor-widget-wrap elementor-element-populated\">\n\t\t\t\t\t\t<div class=\"elementor-element elementor-element-0f8fb00 elementor-widget elementor-widget-heading\" data-id=\"0f8fb00\" data-element_type=\"widget\" data-e-type=\"widget\" data-widget_type=\"heading.default\">\n\t\t\t\t\t<h2 class=\"elementor-heading-title elementor-size-default\">Cookie Directive (EU)<\/h2>\t\t\t\t<\/div>\n\t\t\t\t<div class=\"elementor-element elementor-element-0ede1b0 elementor-widget elementor-widget-text-editor\" data-id=\"0ede1b0\" data-element_type=\"widget\" data-e-type=\"widget\" data-widget_type=\"text-editor.default\">\n\t\t\t\t\t\t\t\t\t<p>[cmplz-document type=&#8221;cookie-statement&#8221; region=&#8221;eu&#8221;]<\/p>\n\t\t\t\t\t\t\t\t<\/div>\n\t\t\t\t\t<\/div>\n\t\t<\/div>\n\t\t\t\t<div class=\"elementor-column elementor-col-50 elementor-top-column elementor-element elementor-element-6211191\" data-id=\"6211191\" data-element_type=\"column\" data-e-type=\"column\">\n\t\t\t<div class=\"elementor-widget-wrap elementor-element-populated\">\n\t\t\t\t\t\t<div class=\"elementor-element elementor-element-ee62af3 elementor-widget elementor-widget-image\" data-id=\"ee62af3\" data-element_type=\"widget\" data-e-type=\"widget\" data-widget_type=\"image.default\">\n\t\t\t\t\t\t\t\t\t\t\t\t\t\t\t<img decoding=\"async\" src=\"https:\/\/cache.dev.growth-ninjas.net\/wp-content\/uploads\/2021\/03\/Growth-Ninjas-Logo-2021-v3.svg\" title=\"\" alt=\"\" loading=\"lazy\" \/>\t\t\t\t\t\t\t\t\t\t\t\t\t\t\t<\/div>\n\t\t\t\t<div class=\"elementor-element elementor-element-ccc9708 elementor-widget elementor-widget-text-editor\" data-id=\"ccc9708\" data-element_type=\"widget\" data-e-type=\"widget\" data-widget_type=\"text-editor.default\">\n\t\t\t\t\t\t\t\t\t<p><strong>Growth Ninjas Ltd.<\/strong><br \/>Goldschlagstrasse 172\/4\/3.OG\/ Door 6<br \/>1140 Vienna<br \/>Austria<\/p>\n\t\t\t\t\t\t\t\t<\/div>\n\t\t\t\t\t<\/div>\n\t\t<\/div>\n\t\t\t\t\t<\/div>\n\t\t<\/section>\n\t\t\t\t<\/div>\n\t\t","protected":false},"excerpt":{"rendered":"<p>Cookie Directive (EU) [cmplz-document type=&#8221;cookie-statement&#8221; region=&#8221;eu&#8221;] Growth Ninjas Ltd.Goldschlagstrasse 172\/4\/3.OG\/ Door 61140 ViennaAustria<\/p>\n","protected":false},"author":1,"featured_media":0,"parent":0,"menu_order":92,"comment_status":"closed","ping_status":"closed","template":"","meta":{"_acf_changed":false,"footnotes":""},"class_list":["post-14279","page","type-page","status-publish","hentry"],"acf":[],"yoast_head":"<!-- This site is optimized with the Yoast SEO Premium plugin v27.2 (Yoast SEO v27.6) - https:\/\/yoast.com\/product\/yoast-seo-premium-wordpress\/ -->\n<title>Cookie Directive (EU)<\/title>\n<meta name=\"description\" content=\"Cookie Directive (EU)                    Growth Ninjas Ltd.Goldschlagstrasse 172\/4\/3.OG\/ Door 61140 ViennaAustria\" \/>\n<meta name=\"robots\" content=\"index, follow, max-snippet:-1, max-image-preview:large, max-video-preview:-1\" \/>\n<link rel=\"canonical\" href=\"https:\/\/cache.dev.growth-ninjas.net\/en\/cookie-directive-eu\/\" \/>\n<meta property=\"og:locale\" content=\"en_GB\" \/>\n<meta property=\"og:type\" content=\"article\" \/>\n<meta property=\"og:title\" content=\"Cookie Directive (EU)\" \/>\n<meta property=\"og:description\" content=\"Cookie Directive (EU)                    Growth Ninjas Ltd.Goldschlagstrasse 172\/4\/3.OG\/ Door 61140 ViennaAustria\" \/>\n<meta property=\"og:url\" content=\"https:\/\/cache.dev.growth-ninjas.net\/en\/cookie-directive-eu\/\" \/>\n<meta property=\"og:site_name\" content=\"We live and breathe Growth and Digitalisation | Growth Ninjas\" \/>\n<meta property=\"article:publisher\" content=\"https:\/\/www.facebook.com\/growthninjas\/\" \/>\n<meta property=\"article:modified_time\" content=\"2023-08-18T12:29:58+00:00\" \/>\n<meta name=\"twitter:card\" content=\"summary_large_image\" \/>\n<script type=\"application\/ld+json\" class=\"yoast-schema-graph\">{\"@context\":\"https:\\\/\\\/schema.org\",\"@graph\":[{\"@type\":\"Article\",\"@id\":\"https:\\\/\\\/cache.dev.growth-ninjas.net\\\/en\\\/cookie-directive-eu\\\/#article\",\"isPartOf\":{\"@id\":\"https:\\\/\\\/cache.dev.growth-ninjas.net\\\/en\\\/cookie-directive-eu\\\/\"},\"author\":{\"name\":\"David Scharler\",\"@id\":\"https:\\\/\\\/cache.dev.growth-ninjas.net\\\/en\\\/#\\\/schema\\\/person\\\/795d2ef1cc8654a8f757b9810b28e9a1\"},\"headline\":\"Cookie Directive (EU)\",\"datePublished\":\"2023-08-16T11:40:54+00:00\",\"dateModified\":\"2023-08-18T12:29:58+00:00\",\"mainEntityOfPage\":{\"@id\":\"https:\\\/\\\/cache.dev.growth-ninjas.net\\\/en\\\/cookie-directive-eu\\\/\"},\"wordCount\":18,\"publisher\":{\"@id\":\"https:\\\/\\\/cache.dev.growth-ninjas.net\\\/en\\\/#organization\"},\"image\":{\"@id\":\"https:\\\/\\\/cache.dev.growth-ninjas.net\\\/en\\\/cookie-directive-eu\\\/#primaryimage\"},\"thumbnailUrl\":\"https:\\\/\\\/cache.dev.growth-ninjas.net\\\/wp-content\\\/uploads\\\/2021\\\/03\\\/Growth-Ninjas-Logo-2021-v3.svg\",\"inLanguage\":\"en-GB\"},{\"@type\":\"WebPage\",\"@id\":\"https:\\\/\\\/cache.dev.growth-ninjas.net\\\/en\\\/cookie-directive-eu\\\/\",\"url\":\"https:\\\/\\\/cache.dev.growth-ninjas.net\\\/en\\\/cookie-directive-eu\\\/\",\"name\":\"Cookie Directive (EU)\",\"isPartOf\":{\"@id\":\"https:\\\/\\\/cache.dev.growth-ninjas.net\\\/en\\\/#website\"},\"primaryImageOfPage\":{\"@id\":\"https:\\\/\\\/cache.dev.growth-ninjas.net\\\/en\\\/cookie-directive-eu\\\/#primaryimage\"},\"image\":{\"@id\":\"https:\\\/\\\/cache.dev.growth-ninjas.net\\\/en\\\/cookie-directive-eu\\\/#primaryimage\"},\"thumbnailUrl\":\"https:\\\/\\\/cache.dev.growth-ninjas.net\\\/wp-content\\\/uploads\\\/2021\\\/03\\\/Growth-Ninjas-Logo-2021-v3.svg\",\"datePublished\":\"2023-08-16T11:40:54+00:00\",\"dateModified\":\"2023-08-18T12:29:58+00:00\",\"description\":\"Cookie Directive (EU) Growth Ninjas Ltd.Goldschlagstrasse 172\\\/4\\\/3.OG\\\/ Door 61140 ViennaAustria\",\"breadcrumb\":{\"@id\":\"https:\\\/\\\/cache.dev.growth-ninjas.net\\\/en\\\/cookie-directive-eu\\\/#breadcrumb\"},\"inLanguage\":\"en-GB\",\"potentialAction\":[{\"@type\":\"ReadAction\",\"target\":[\"https:\\\/\\\/cache.dev.growth-ninjas.net\\\/en\\\/cookie-directive-eu\\\/\"]}]},{\"@type\":\"ImageObject\",\"inLanguage\":\"en-GB\",\"@id\":\"https:\\\/\\\/cache.dev.growth-ninjas.net\\\/en\\\/cookie-directive-eu\\\/#primaryimage\",\"url\":\"https:\\\/\\\/cache.dev.growth-ninjas.net\\\/wp-content\\\/uploads\\\/2021\\\/03\\\/Growth-Ninjas-Logo-2021-v3.svg\",\"contentUrl\":\"https:\\\/\\\/cache.dev.growth-ninjas.net\\\/wp-content\\\/uploads\\\/2021\\\/03\\\/Growth-Ninjas-Logo-2021-v3.svg\"},{\"@type\":\"BreadcrumbList\",\"@id\":\"https:\\\/\\\/cache.dev.growth-ninjas.net\\\/en\\\/cookie-directive-eu\\\/#breadcrumb\",\"itemListElement\":[{\"@type\":\"ListItem\",\"position\":1,\"name\":\"Startseite\",\"item\":\"https:\\\/\\\/cache.dev.growth-ninjas.net\\\/en\\\/home-2-2\\\/\"},{\"@type\":\"ListItem\",\"position\":2,\"name\":\"Cookie Directive (EU)\"}]},{\"@type\":\"WebSite\",\"@id\":\"https:\\\/\\\/cache.dev.growth-ninjas.net\\\/en\\\/#website\",\"url\":\"https:\\\/\\\/cache.dev.growth-ninjas.net\\\/en\\\/\",\"name\":\"Growth Ninjas\",\"description\":\"Experts in Digital Growth\",\"publisher\":{\"@id\":\"https:\\\/\\\/cache.dev.growth-ninjas.net\\\/en\\\/#organization\"},\"alternateName\":\"Growth Ninjas |\u00a0Wachstum, HubSpot, B2B Sales\",\"potentialAction\":[{\"@type\":\"SearchAction\",\"target\":{\"@type\":\"EntryPoint\",\"urlTemplate\":\"https:\\\/\\\/cache.dev.growth-ninjas.net\\\/en\\\/?s={search_term_string}\"},\"query-input\":{\"@type\":\"PropertyValueSpecification\",\"valueRequired\":true,\"valueName\":\"search_term_string\"}}],\"inLanguage\":\"en-GB\"},{\"@type\":\"Organization\",\"@id\":\"https:\\\/\\\/cache.dev.growth-ninjas.net\\\/en\\\/#organization\",\"name\":\"Growth Ninjas GmbH\",\"alternateName\":\"Growth Ninjas\",\"url\":\"https:\\\/\\\/cache.dev.growth-ninjas.net\\\/en\\\/\",\"logo\":{\"@type\":\"ImageObject\",\"inLanguage\":\"en-GB\",\"@id\":\"https:\\\/\\\/cache.dev.growth-ninjas.net\\\/en\\\/#\\\/schema\\\/logo\\\/image\\\/\",\"url\":\"https:\\\/\\\/cache.dev.growth-ninjas.net\\\/wp-content\\\/uploads\\\/2021\\\/03\\\/Growth-Ninjas-Logo-2021-v3.svg\",\"contentUrl\":\"https:\\\/\\\/cache.dev.growth-ninjas.net\\\/wp-content\\\/uploads\\\/2021\\\/03\\\/Growth-Ninjas-Logo-2021-v3.svg\",\"width\":744,\"height\":136,\"caption\":\"Growth Ninjas GmbH\"},\"image\":{\"@id\":\"https:\\\/\\\/cache.dev.growth-ninjas.net\\\/en\\\/#\\\/schema\\\/logo\\\/image\\\/\"},\"sameAs\":[\"https:\\\/\\\/www.facebook.com\\\/growthninjas\\\/\",\"https:\\\/\\\/www.linkedin.com\\\/company\\\/growth-ninjas\",\"https:\\\/\\\/www.linkedin.com\\\/in\\\/stefangreunz\\\/\",\"https:\\\/\\\/www.linkedin.com\\\/in\\\/johannes-eichmeyer\\\/\",\"https:\\\/\\\/ecosystem.hubspot.com\\\/marketplace\\\/solutions\\\/growth-ninjas-com\",\"https:\\\/\\\/www.xing.com\\\/profile\\\/Stefan_Greunz\",\"https:\\\/\\\/www.xing.com\\\/profile\\\/Johannes_Eichmeyer\"],\"description\":\"Wir leben Wachstum und Digitalisierung. Als Growth Ninjas nutzen wir unsere F\u00e4higkeiten, um Ihre Ziele zu erreichen. Wir begleiten Sie am Weg dorthin, setzen um, und liefern Ergebnisse \u2013 ob verdeckt im Hintergrund oder in der ersten Reihe.\",\"email\":\"info@growth-ninjas.com\",\"legalName\":\"Growth Ninjas GmbH\",\"foundingDate\":\"2017-09-01\",\"vatID\":\"ATU72594025\",\"numberOfEmployees\":{\"@type\":\"QuantitativeValue\",\"minValue\":\"1\",\"maxValue\":\"10\"}},{\"@type\":\"Person\",\"@id\":\"https:\\\/\\\/cache.dev.growth-ninjas.net\\\/en\\\/#\\\/schema\\\/person\\\/795d2ef1cc8654a8f757b9810b28e9a1\",\"name\":\"David Scharler\",\"image\":{\"@type\":\"ImageObject\",\"inLanguage\":\"en-GB\",\"@id\":\"https:\\\/\\\/cache.dev.growth-ninjas.net\\\/wp-content\\\/uploads\\\/2024\\\/11\\\/cropped-David-Business-qu-96x96.jpg\",\"url\":\"https:\\\/\\\/cache.dev.growth-ninjas.net\\\/wp-content\\\/uploads\\\/2024\\\/11\\\/cropped-David-Business-qu-96x96.jpg\",\"contentUrl\":\"https:\\\/\\\/cache.dev.growth-ninjas.net\\\/wp-content\\\/uploads\\\/2024\\\/11\\\/cropped-David-Business-qu-96x96.jpg\",\"caption\":\"David Scharler\"},\"description\":\"David Scharler ist Design &amp; Development Ninja bei Growth Ninjas. Sein Schwerpunkt liegt auf HubSpot-Newsletter- und Angebots-Templates, konversionsstarken Formularen &amp; Landing-Pages sowie WordPress-Design und -Entwicklung. Als UI-Designer in Figma \u00fcbersetzt er komplexe Anforderungen in klare, performante Oberfl\u00e4chen. Erg\u00e4nzt wird dieses Profil durch langj\u00e4hrige Erfahrung im Print- und Web-Design mit den Adobe-Programmen, die ihm ein feines Gesp\u00fcr f\u00fcr Typografie, Farbe und Detailtreue verleihen.\",\"sameAs\":[\"https:\\\/\\\/cache.dev.growth-ninjas.net\\\/die-ninjas\\\/david-scharler\\\/\",\"https:\\\/\\\/www.linkedin.com\\\/in\\\/davidscharler\\\/\"],\"gender\":\"m\u00e4nnlich\",\"knowsAbout\":[\"Graphic Design\",\"Web Design\",\"Frontend Development\",\"WordPress\",\"HubSpot\"],\"knowsLanguage\":[\"Deutsch\",\"Englisch\"],\"jobTitle\":\"Design & Development Ninja\",\"worksFor\":\"Growth Ninjas GmbH\"}]}<\/script>\n<!-- \/ Yoast SEO Premium plugin. -->","yoast_head_json":{"title":"Cookie Directive (EU)","description":"Cookie Directive (EU)                    Growth Ninjas Ltd.Goldschlagstrasse 172\/4\/3.OG\/ Door 61140 ViennaAustria","robots":{"index":"index","follow":"follow","max-snippet":"max-snippet:-1","max-image-preview":"max-image-preview:large","max-video-preview":"max-video-preview:-1"},"canonical":"https:\/\/cache.dev.growth-ninjas.net\/en\/cookie-directive-eu\/","og_locale":"en_GB","og_type":"article","og_title":"Cookie Directive (EU)","og_description":"Cookie Directive (EU)                    Growth Ninjas Ltd.Goldschlagstrasse 172\/4\/3.OG\/ Door 61140 ViennaAustria","og_url":"https:\/\/cache.dev.growth-ninjas.net\/en\/cookie-directive-eu\/","og_site_name":"We live and breathe Growth and Digitalisation | Growth Ninjas","article_publisher":"https:\/\/www.facebook.com\/growthninjas\/","article_modified_time":"2023-08-18T12:29:58+00:00","twitter_card":"summary_large_image","schema":{"@context":"https:\/\/schema.org","@graph":[{"@type":"Article","@id":"https:\/\/cache.dev.growth-ninjas.net\/en\/cookie-directive-eu\/#article","isPartOf":{"@id":"https:\/\/cache.dev.growth-ninjas.net\/en\/cookie-directive-eu\/"},"author":{"name":"David Scharler","@id":"https:\/\/cache.dev.growth-ninjas.net\/en\/#\/schema\/person\/795d2ef1cc8654a8f757b9810b28e9a1"},"headline":"Cookie Directive (EU)","datePublished":"2023-08-16T11:40:54+00:00","dateModified":"2023-08-18T12:29:58+00:00","mainEntityOfPage":{"@id":"https:\/\/cache.dev.growth-ninjas.net\/en\/cookie-directive-eu\/"},"wordCount":18,"publisher":{"@id":"https:\/\/cache.dev.growth-ninjas.net\/en\/#organization"},"image":{"@id":"https:\/\/cache.dev.growth-ninjas.net\/en\/cookie-directive-eu\/#primaryimage"},"thumbnailUrl":"https:\/\/cache.dev.growth-ninjas.net\/wp-content\/uploads\/2021\/03\/Growth-Ninjas-Logo-2021-v3.svg","inLanguage":"en-GB"},{"@type":"WebPage","@id":"https:\/\/cache.dev.growth-ninjas.net\/en\/cookie-directive-eu\/","url":"https:\/\/cache.dev.growth-ninjas.net\/en\/cookie-directive-eu\/","name":"Cookie Directive (EU)","isPartOf":{"@id":"https:\/\/cache.dev.growth-ninjas.net\/en\/#website"},"primaryImageOfPage":{"@id":"https:\/\/cache.dev.growth-ninjas.net\/en\/cookie-directive-eu\/#primaryimage"},"image":{"@id":"https:\/\/cache.dev.growth-ninjas.net\/en\/cookie-directive-eu\/#primaryimage"},"thumbnailUrl":"https:\/\/cache.dev.growth-ninjas.net\/wp-content\/uploads\/2021\/03\/Growth-Ninjas-Logo-2021-v3.svg","datePublished":"2023-08-16T11:40:54+00:00","dateModified":"2023-08-18T12:29:58+00:00","description":"Cookie Directive (EU) Growth Ninjas Ltd.Goldschlagstrasse 172\/4\/3.OG\/ Door 61140 ViennaAustria","breadcrumb":{"@id":"https:\/\/cache.dev.growth-ninjas.net\/en\/cookie-directive-eu\/#breadcrumb"},"inLanguage":"en-GB","potentialAction":[{"@type":"ReadAction","target":["https:\/\/cache.dev.growth-ninjas.net\/en\/cookie-directive-eu\/"]}]},{"@type":"ImageObject","inLanguage":"en-GB","@id":"https:\/\/cache.dev.growth-ninjas.net\/en\/cookie-directive-eu\/#primaryimage","url":"https:\/\/cache.dev.growth-ninjas.net\/wp-content\/uploads\/2021\/03\/Growth-Ninjas-Logo-2021-v3.svg","contentUrl":"https:\/\/cache.dev.growth-ninjas.net\/wp-content\/uploads\/2021\/03\/Growth-Ninjas-Logo-2021-v3.svg"},{"@type":"BreadcrumbList","@id":"https:\/\/cache.dev.growth-ninjas.net\/en\/cookie-directive-eu\/#breadcrumb","itemListElement":[{"@type":"ListItem","position":1,"name":"Startseite","item":"https:\/\/cache.dev.growth-ninjas.net\/en\/home-2-2\/"},{"@type":"ListItem","position":2,"name":"Cookie Directive (EU)"}]},{"@type":"WebSite","@id":"https:\/\/cache.dev.growth-ninjas.net\/en\/#website","url":"https:\/\/cache.dev.growth-ninjas.net\/en\/","name":"Growth Ninjas","description":"Experts in Digital Growth","publisher":{"@id":"https:\/\/cache.dev.growth-ninjas.net\/en\/#organization"},"alternateName":"Growth Ninjas |\u00a0Wachstum, HubSpot, B2B Sales","potentialAction":[{"@type":"SearchAction","target":{"@type":"EntryPoint","urlTemplate":"https:\/\/cache.dev.growth-ninjas.net\/en\/?s={search_term_string}"},"query-input":{"@type":"PropertyValueSpecification","valueRequired":true,"valueName":"search_term_string"}}],"inLanguage":"en-GB"},{"@type":"Organization","@id":"https:\/\/cache.dev.growth-ninjas.net\/en\/#organization","name":"Growth Ninjas GmbH","alternateName":"Growth Ninjas","url":"https:\/\/cache.dev.growth-ninjas.net\/en\/","logo":{"@type":"ImageObject","inLanguage":"en-GB","@id":"https:\/\/cache.dev.growth-ninjas.net\/en\/#\/schema\/logo\/image\/","url":"https:\/\/cache.dev.growth-ninjas.net\/wp-content\/uploads\/2021\/03\/Growth-Ninjas-Logo-2021-v3.svg","contentUrl":"https:\/\/cache.dev.growth-ninjas.net\/wp-content\/uploads\/2021\/03\/Growth-Ninjas-Logo-2021-v3.svg","width":744,"height":136,"caption":"Growth Ninjas GmbH"},"image":{"@id":"https:\/\/cache.dev.growth-ninjas.net\/en\/#\/schema\/logo\/image\/"},"sameAs":["https:\/\/www.facebook.com\/growthninjas\/","https:\/\/www.linkedin.com\/company\/growth-ninjas","https:\/\/www.linkedin.com\/in\/stefangreunz\/","https:\/\/www.linkedin.com\/in\/johannes-eichmeyer\/","https:\/\/ecosystem.hubspot.com\/marketplace\/solutions\/growth-ninjas-com","https:\/\/www.xing.com\/profile\/Stefan_Greunz","https:\/\/www.xing.com\/profile\/Johannes_Eichmeyer"],"description":"Wir leben Wachstum und Digitalisierung. Als Growth Ninjas nutzen wir unsere F\u00e4higkeiten, um Ihre Ziele zu erreichen. Wir begleiten Sie am Weg dorthin, setzen um, und liefern Ergebnisse \u2013 ob verdeckt im Hintergrund oder in der ersten Reihe.","email":"info@growth-ninjas.com","legalName":"Growth Ninjas GmbH","foundingDate":"2017-09-01","vatID":"ATU72594025","numberOfEmployees":{"@type":"QuantitativeValue","minValue":"1","maxValue":"10"}},{"@type":"Person","@id":"https:\/\/cache.dev.growth-ninjas.net\/en\/#\/schema\/person\/795d2ef1cc8654a8f757b9810b28e9a1","name":"David Scharler","image":{"@type":"ImageObject","inLanguage":"en-GB","@id":"https:\/\/cache.dev.growth-ninjas.net\/wp-content\/uploads\/2024\/11\/cropped-David-Business-qu-96x96.jpg","url":"https:\/\/cache.dev.growth-ninjas.net\/wp-content\/uploads\/2024\/11\/cropped-David-Business-qu-96x96.jpg","contentUrl":"https:\/\/cache.dev.growth-ninjas.net\/wp-content\/uploads\/2024\/11\/cropped-David-Business-qu-96x96.jpg","caption":"David Scharler"},"description":"David Scharler ist Design &amp; Development Ninja bei Growth Ninjas. Sein Schwerpunkt liegt auf HubSpot-Newsletter- und Angebots-Templates, konversionsstarken Formularen &amp; Landing-Pages sowie WordPress-Design und -Entwicklung. Als UI-Designer in Figma \u00fcbersetzt er komplexe Anforderungen in klare, performante Oberfl\u00e4chen. Erg\u00e4nzt wird dieses Profil durch langj\u00e4hrige Erfahrung im Print- und Web-Design mit den Adobe-Programmen, die ihm ein feines Gesp\u00fcr f\u00fcr Typografie, Farbe und Detailtreue verleihen.","sameAs":["https:\/\/cache.dev.growth-ninjas.net\/die-ninjas\/david-scharler\/","https:\/\/www.linkedin.com\/in\/davidscharler\/"],"gender":"m\u00e4nnlich","knowsAbout":["Graphic Design","Web Design","Frontend Development","WordPress","HubSpot"],"knowsLanguage":["Deutsch","Englisch"],"jobTitle":"Design & Development Ninja","worksFor":"Growth Ninjas GmbH"}]}},"_links":{"self":[{"href":"https:\/\/cache.dev.growth-ninjas.net\/en\/wp-json\/wp\/v2\/pages\/14279","targetHints":{"allow":["GET"]}}],"collection":[{"href":"https:\/\/cache.dev.growth-ninjas.net\/en\/wp-json\/wp\/v2\/pages"}],"about":[{"href":"https:\/\/cache.dev.growth-ninjas.net\/en\/wp-json\/wp\/v2\/types\/page"}],"author":[{"embeddable":true,"href":"https:\/\/cache.dev.growth-ninjas.net\/en\/wp-json\/wp\/v2\/users\/1"}],"replies":[{"embeddable":true,"href":"https:\/\/cache.dev.growth-ninjas.net\/en\/wp-json\/wp\/v2\/comments?post=14279"}],"version-history":[{"count":0,"href":"https:\/\/cache.dev.growth-ninjas.net\/en\/wp-json\/wp\/v2\/pages\/14279\/revisions"}],"wp:attachment":[{"href":"https:\/\/cache.dev.growth-ninjas.net\/en\/wp-json\/wp\/v2\/media?parent=14279"}],"curies":[{"name":"wp","href":"https:\/\/api.w.org\/{rel}","templated":true}]}}